{"id":16,"date":"2021-11-21T15:14:44","date_gmt":"2021-11-21T18:14:44","guid":{"rendered":"https:\/\/nevesetiquetas.com.br\/contact\/"},"modified":"2024-02-26T16:07:29","modified_gmt":"2024-02-26T19:07:29","slug":"contact","status":"publish","type":"page","link":"https:\/\/nevesetiquetas.com.br\/?page_id=16","title":{"rendered":"CONTATO"},"content":{"rendered":"\t\t<div data-elementor-type=\"wp-page\" data-elementor-id=\"16\" class=\"elementor elementor-16\">\n\t\t\t\t\t\t<section class=\"elementor-section elementor-top-section elementor-element elementor-element-81e2c1b elementor-section-height-full elementor-reverse-tablet elementor-reverse-mobile elementor-section-boxed elementor-section-height-default elementor-section-items-middle\" data-id=\"81e2c1b\" data-element_type=\"section\" data-e-type=\"section\" data-settings=\"{&quot;background_background&quot;:&quot;classic&quot;}\">\n\t\t\t\t\t\t<div class=\"elementor-container elementor-column-gap-default\">\n\t\t\t\t\t<div class=\"elementor-column elementor-col-100 elementor-top-column elementor-element elementor-element-51920c1\" data-id=\"51920c1\" data-element_type=\"column\" data-e-type=\"column\">\n\t\t\t<div class=\"elementor-widget-wrap elementor-element-populated\">\n\t\t\t\t\t\t<div class=\"elementor-element elementor-element-ebcecc7 elementor-widget elementor-widget-heading\" data-id=\"ebcecc7\" data-element_type=\"widget\" data-e-type=\"widget\" data-widget_type=\"heading.default\">\n\t\t\t\t<div class=\"elementor-widget-container\">\n\t\t\t\t\t<h1 class=\"elementor-heading-title elementor-size-default\">contato<\/h1>\t\t\t\t<\/div>\n\t\t\t\t<\/div>\n\t\t\t\t<div class=\"elementor-element elementor-element-66f1e6c elementor-fixed elementor-view-default elementor-widget elementor-widget-icon\" data-id=\"66f1e6c\" data-element_type=\"widget\" data-e-type=\"widget\" data-settings=\"{&quot;_position&quot;:&quot;fixed&quot;}\" data-widget_type=\"icon.default\">\n\t\t\t\t<div class=\"elementor-widget-container\">\n\t\t\t\t\t\t\t<div class=\"elementor-icon-wrapper\">\n\t\t\t<a class=\"elementor-icon\" href=\"http:\/\/wa.me\/5511912168055\">\n\t\t\t<svg aria-hidden=\"true\" class=\"e-font-icon-svg e-fab-whatsapp-square\" viewBox=\"0 0 448 512\" xmlns=\"http:\/\/www.w3.org\/2000\/svg\"><path d=\"M224 122.8c-72.7 0-131.8 59.1-131.9 131.8 0 24.9 7 49.2 20.2 70.1l3.1 5-13.3 48.6 49.9-13.1 4.8 2.9c20.2 12 43.4 18.4 67.1 18.4h.1c72.6 0 133.3-59.1 133.3-131.8 0-35.2-15.2-68.3-40.1-93.2-25-25-58-38.7-93.2-38.7zm77.5 188.4c-3.3 9.3-19.1 17.7-26.7 18.8-12.6 1.9-22.4.9-47.5-9.9-39.7-17.2-65.7-57.2-67.7-59.8-2-2.6-16.2-21.5-16.2-41s10.2-29.1 13.9-33.1c3.6-4 7.9-5 10.6-5 2.6 0 5.3 0 7.6.1 2.4.1 5.7-.9 8.9 6.8 3.3 7.9 11.2 27.4 12.2 29.4s1.7 4.3.3 6.9c-7.6 15.2-15.7 14.6-11.6 21.6 15.3 26.3 30.6 35.4 53.9 47.1 4 2 6.3 1.7 8.6-1 2.3-2.6 9.9-11.6 12.5-15.5 2.6-4 5.3-3.3 8.9-2 3.6 1.3 23.1 10.9 27.1 12.9s6.6 3 7.6 4.6c.9 1.9.9 9.9-2.4 19.1zM400 32H48C21.5 32 0 53.5 0 80v352c0 26.5 21.5 48 48 48h352c26.5 0 48-21.5 48-48V80c0-26.5-21.5-48-48-48zM223.9 413.2c-26.6 0-52.7-6.7-75.8-19.3L64 416l22.5-82.2c-13.9-24-21.2-51.3-21.2-79.3C65.4 167.1 136.5 96 223.9 96c42.4 0 82.2 16.5 112.2 46.5 29.9 30 47.9 69.8 47.9 112.2 0 87.4-72.7 158.5-160.1 158.5z\"><\/path><\/svg>\t\t\t<\/a>\n\t\t<\/div>\n\t\t\t\t\t\t<\/div>\n\t\t\t\t<\/div>\n\t\t\t\t\t<\/div>\n\t\t<\/div>\n\t\t\t\t\t<\/div>\n\t\t<\/section>\n\t\t\t\t<section class=\"elementor-section elementor-top-section elementor-element elementor-element-d181040 elementor-section-boxed elementor-section-height-default elementor-section-height-default\" data-id=\"d181040\" data-element_type=\"section\" data-e-type=\"section\" data-settings=\"{&quot;background_background&quot;:&quot;classic&quot;}\">\n\t\t\t\t\t\t<div class=\"elementor-container elementor-column-gap-default\">\n\t\t\t\t\t<div class=\"elementor-column elementor-col-50 elementor-top-column elementor-element elementor-element-902ab61\" data-id=\"902ab61\" data-element_type=\"column\" data-e-type=\"column\">\n\t\t\t<div class=\"elementor-widget-wrap elementor-element-populated\">\n\t\t\t\t\t\t<div class=\"elementor-element elementor-element-d318e48 elementor-widget elementor-widget-heading\" data-id=\"d318e48\" data-element_type=\"widget\" data-e-type=\"widget\" data-widget_type=\"heading.default\">\n\t\t\t\t<div class=\"elementor-widget-container\">\n\t\t\t\t\t<h2 class=\"elementor-heading-title elementor-size-default\">ENTRE EM CONTATO<\/h2>\t\t\t\t<\/div>\n\t\t\t\t<\/div>\n\t\t\t\t<div class=\"elementor-element elementor-element-3f5fb89 elementor-widget elementor-widget-wpforms\" data-id=\"3f5fb89\" data-element_type=\"widget\" data-e-type=\"widget\" data-widget_type=\"wpforms.default\">\n\t\t\t\t<div class=\"elementor-widget-container\">\n\t\t\t\t\t<div class=\"wpforms-container \" id=\"wpforms-1090\"><form id=\"wpforms-form-1090\" class=\"wpforms-validate wpforms-form wpforms-ajax-form\" data-formid=\"1090\" method=\"post\" enctype=\"multipart\/form-data\" action=\"\/index.php?rest_route=%2Fwp%2Fv2%2Fpages%2F16\" data-token=\"444de9cd34324766a5eaad5456e6d666\" data-token-time=\"1778743941\"><noscript class=\"wpforms-error-noscript\">Ative o JavaScript no seu navegador para preencher este formul\u00e1rio.<\/noscript><div class=\"wpforms-field-container\"><div id=\"wpforms-1090-field_1-container\" class=\"wpforms-field wpforms-field-text\" data-field-id=\"1\"><label class=\"wpforms-field-label wpforms-label-hide\" for=\"wpforms-1090-field_1\">Seu Nome <span class=\"wpforms-required-label\">*<\/span><\/label><input type=\"text\" id=\"wpforms-1090-field_1\" class=\"wpforms-field-large wpforms-field-required\" name=\"wpforms[fields][1]\" placeholder=\"Nome\" required><\/div><div id=\"wpforms-1090-field_2-container\" class=\"wpforms-field wpforms-field-number\" data-field-id=\"2\"><label class=\"wpforms-field-label wpforms-label-hide\" for=\"wpforms-1090-field_2\">Seu telefone <span class=\"wpforms-required-label\">*<\/span><\/label><input type=\"number\" id=\"wpforms-1090-field_2\" class=\"wpforms-field-large wpforms-field-required\" name=\"wpforms[fields][2]\" placeholder=\"Telefone\" step=\"any\" required><\/div><div id=\"wpforms-1090-field_3-container\" class=\"wpforms-field wpforms-field-email\" data-field-id=\"3\"><label class=\"wpforms-field-label wpforms-label-hide\" for=\"wpforms-1090-field_3\">Email <span class=\"wpforms-required-label\">*<\/span><\/label><input type=\"email\" id=\"wpforms-1090-field_3\" class=\"wpforms-field-large wpforms-field-required\" name=\"wpforms[fields][3]\" placeholder=\"E-mail\" spellcheck=\"false\" required><\/div><div id=\"wpforms-1090-field_4-container\" class=\"wpforms-field wpforms-field-textarea\" data-field-id=\"4\"><label class=\"wpforms-field-label wpforms-label-hide\" for=\"wpforms-1090-field_4\">Escreva sua mensagem<\/label><textarea id=\"wpforms-1090-field_4\" class=\"wpforms-field-medium\" name=\"wpforms[fields][4]\" placeholder=\"Escreva aqui sua mensagem.\" ><\/textarea><\/div><\/div><!-- .wpforms-field-container --><div class=\"wpforms-submit-container\" ><input type=\"hidden\" name=\"wpforms[id]\" value=\"1090\"><input type=\"hidden\" name=\"page_title\" value=\"\"><input type=\"hidden\" name=\"page_url\" value=\"https:\/\/nevesetiquetas.com.br\/index.php?rest_route=\/wp\/v2\/pages\/16\"><input type=\"hidden\" name=\"url_referer\" value=\"\"><button type=\"submit\" name=\"wpforms[submit]\" id=\"wpforms-submit-1090\" class=\"wpforms-submit\" data-alt-text=\"Enviando...\" data-submit-text=\"Enviar\" aria-live=\"assertive\" value=\"wpforms-submit\">Enviar<\/button><img decoding=\"async\" src=\"https:\/\/nevesetiquetas.com.br\/wp-content\/plugins\/wpforms-lite\/assets\/images\/submit-spin.svg\" class=\"wpforms-submit-spinner\" style=\"display: none;\" width=\"26\" height=\"26\" alt=\"Carregando\"><\/div><\/form><\/div>  <!-- .wpforms-container -->\t\t\t\t<\/div>\n\t\t\t\t<\/div>\n\t\t\t\t\t<\/div>\n\t\t<\/div>\n\t\t\t\t<div class=\"elementor-column elementor-col-50 elementor-top-column elementor-element elementor-element-2e9938b\" data-id=\"2e9938b\" data-element_type=\"column\" data-e-type=\"column\">\n\t\t\t<div class=\"elementor-widget-wrap elementor-element-populated\">\n\t\t\t\t\t\t<div class=\"elementor-element elementor-element-57e4ce7 elementor-widget elementor-widget-icon-box\" data-id=\"57e4ce7\" data-element_type=\"widget\" data-e-type=\"widget\" data-widget_type=\"icon-box.default\">\n\t\t\t\t<div class=\"elementor-widget-container\">\n\t\t\t\t\t\t\t<div class=\"elementor-icon-box-wrapper\">\n\n\t\t\t\n\t\t\t\t\t\t<div class=\"elementor-icon-box-content\">\n\n\t\t\t\t\t\t\t\t\t<h3 class=\"elementor-icon-box-title\">\n\t\t\t\t\t\t<span  >\n\t\t\t\t\t\t\tE-MAIL\t\t\t\t\t\t<\/span>\n\t\t\t\t\t<\/h3>\n\t\t\t\t\n\t\t\t\t\t\t\t\t\t<p class=\"elementor-icon-box-description\">\n\t\t\t\t\t\tcontato@nevesetiquetas.com.br\n\t\t\t\t\t<\/p>\n\t\t\t\t\n\t\t\t<\/div>\n\t\t\t\n\t\t<\/div>\n\t\t\t\t\t\t<\/div>\n\t\t\t\t<\/div>\n\t\t\t\t<div class=\"elementor-element elementor-element-b4328f8 elementor-widget elementor-widget-icon-box\" data-id=\"b4328f8\" data-element_type=\"widget\" data-e-type=\"widget\" data-widget_type=\"icon-box.default\">\n\t\t\t\t<div class=\"elementor-widget-container\">\n\t\t\t\t\t\t\t<div class=\"elementor-icon-box-wrapper\">\n\n\t\t\t\n\t\t\t\t\t\t<div class=\"elementor-icon-box-content\">\n\n\t\t\t\t\t\t\t\t\t<h3 class=\"elementor-icon-box-title\">\n\t\t\t\t\t\t<span  >\n\t\t\t\t\t\t\tTelefones\t\t\t\t\t\t<\/span>\n\t\t\t\t\t<\/h3>\n\t\t\t\t\n\t\t\t\t\t\t\t\t\t<p class=\"elementor-icon-box-description\">\n\t\t\t\t\t\t(11) 91216-8055\n(11) 2791-9796\t\t\t\t\t<\/p>\n\t\t\t\t\n\t\t\t<\/div>\n\t\t\t\n\t\t<\/div>\n\t\t\t\t\t\t<\/div>\n\t\t\t\t<\/div>\n\t\t\t\t<div class=\"elementor-element elementor-element-fc76bb3 elementor-widget elementor-widget-icon-box\" data-id=\"fc76bb3\" data-element_type=\"widget\" data-e-type=\"widget\" data-widget_type=\"icon-box.default\">\n\t\t\t\t<div class=\"elementor-widget-container\">\n\t\t\t\t\t\t\t<div class=\"elementor-icon-box-wrapper\">\n\n\t\t\t\n\t\t\t\t\t\t<div class=\"elementor-icon-box-content\">\n\n\t\t\t\t\t\t\t\t\t<h3 class=\"elementor-icon-box-title\">\n\t\t\t\t\t\t<span  >\n\t\t\t\t\t\t\tendere\u00e7o\t\t\t\t\t\t<\/span>\n\t\t\t\t\t<\/h3>\n\t\t\t\t\n\t\t\t\t\n\t\t\t<\/div>\n\t\t\t\n\t\t<\/div>\n\t\t\t\t\t\t<\/div>\n\t\t\t\t<\/div>\n\t\t\t\t<div class=\"elementor-element elementor-element-6e0c282 elementor-widget elementor-widget-text-editor\" data-id=\"6e0c282\" data-element_type=\"widget\" data-e-type=\"widget\" data-widget_type=\"text-editor.default\">\n\t\t\t\t<div class=\"elementor-widget-container\">\n\t\t\t\t\t\t\t\t\t<p>Rua S\u00e3o Serapi\u00e3o 362, Vila R\u00e9<\/p><p>S\u00e3o Paulo &#8211; SP<\/p><p>CEP 03664-000<\/p>\t\t\t\t\t\t\t\t<\/div>\n\t\t\t\t<\/div>\n\t\t\t\t<div class=\"elementor-element elementor-element-3dbf922 elementor-widget elementor-widget-google_maps\" data-id=\"3dbf922\" data-element_type=\"widget\" data-e-type=\"widget\" data-widget_type=\"google_maps.default\">\n\t\t\t\t<div class=\"elementor-widget-container\">\n\t\t\t\t\t\t\t<div class=\"elementor-custom-embed\">\n\t\t\t<iframe loading=\"lazy\"\n\t\t\t\t\tsrc=\"https:\/\/maps.google.com\/maps?q=Rua%20S%C3%A3o%20Serapi%C3%A3o%2C%20362%20%20Vila%20R%C3%A9%20S%C3%A3o%20Paulo%20-%20SP&#038;t=m&#038;z=15&#038;output=embed&#038;iwloc=near\"\n\t\t\t\t\ttitle=\"Rua S\u00e3o Serapi\u00e3o, 362  Vila R\u00e9 S\u00e3o Paulo - SP\"\n\t\t\t\t\taria-label=\"Rua S\u00e3o Serapi\u00e3o, 362  Vila R\u00e9 S\u00e3o Paulo - SP\"\n\t\t\t><\/iframe>\n\t\t<\/div>\n\t\t\t\t\t\t<\/div>\n\t\t\t\t<\/div>\n\t\t\t\t\t<\/div>\n\t\t<\/div>\n\t\t\t\t\t<\/div>\n\t\t<\/section>\n\t\t\t\t<\/div>\n\t\t","protected":false},"excerpt":{"rendered":"<p>contato ENTRE EM CONTATO Ative o JavaScript no seu navegador para preencher este formul\u00e1rio.Seu Nome *Seu telefone *Email *Escreva sua mensagem Enviar E-MAIL contato@nevesetiquetas.com.br Telefones (11) 91216-8055 (11) 2791-9796 endere\u00e7o Rua S\u00e3o Serapi\u00e3o 362, Vila R\u00e9 S\u00e3o Paulo &#8211; SP CEP 03664-000<\/p>\n","protected":false},"author":1,"featured_media":0,"parent":0,"menu_order":0,"comment_status":"closed","ping_status":"closed","template":"","meta":{"site-sidebar-layout":"no-sidebar","site-content-layout":"page-builder","ast-global-header-display":"","ast-main-header-display":"","ast-hfb-above-header-display":"","ast-hfb-below-header-display":"","ast-hfb-mobile-header-display":"","site-post-title":"disabled","ast-breadcrumbs-content":"","ast-featured-img":"disabled","footer-sml-layout":"","theme-transparent-header-meta":"enabled","adv-header-id-meta":"","stick-header-meta":"","header-above-stick-meta":"","header-main-stick-meta":"","header-below-stick-meta":"","footnotes":""},"class_list":["post-16","page","type-page","status-publish","hentry"],"yoast_head":"<!-- This site is optimized with the Yoast SEO plugin v27.6 - https:\/\/yoast.com\/product\/yoast-seo-wordpress\/ -->\n<title>CONTATO - Neves Etiquetas Adesivas<\/title>\n<meta name=\"description\" content=\"Entre em contato! Pe\u00e7a um or\u00e7amento e adquira etiquetas e\/ou r\u00f3tulos adesivos personalizados de acordo com o que sua marca precisa.\" \/>\n<meta name=\"robots\" content=\"index, follow, max-snippet:-1, max-image-preview:large, max-video-preview:-1\" \/>\n<link rel=\"canonical\" href=\"https:\/\/nevesetiquetas.com.br\/?page_id=16\" \/>\n<meta property=\"og:locale\" content=\"pt_BR\" \/>\n<meta property=\"og:type\" content=\"article\" \/>\n<meta property=\"og:title\" content=\"CONTATO - Neves Etiquetas Adesivas\" \/>\n<meta property=\"og:description\" content=\"Entre em contato! Pe\u00e7a um or\u00e7amento e adquira etiquetas e\/ou r\u00f3tulos adesivos personalizados de acordo com o que sua marca precisa.\" \/>\n<meta property=\"og:url\" content=\"https:\/\/nevesetiquetas.com.br\/?page_id=16\" \/>\n<meta property=\"og:site_name\" content=\"Neves Etiquetas Adesivas\" \/>\n<meta property=\"article:modified_time\" content=\"2024-02-26T19:07:29+00:00\" \/>\n<meta property=\"og:image\" content=\"https:\/\/nevesetiquetas.com.br\/wp-content\/plugins\/wpforms-lite\/assets\/images\/submit-spin.svg\" \/>\n<meta name=\"twitter:card\" content=\"summary_large_image\" \/>\n<meta name=\"twitter:label1\" content=\"Est. tempo de leitura\" \/>\n\t<meta name=\"twitter:data1\" content=\"1 minuto\" \/>\n<script type=\"application\/ld+json\" class=\"yoast-schema-graph\">{\"@context\":\"https:\\\/\\\/schema.org\",\"@graph\":[{\"@type\":\"WebPage\",\"@id\":\"https:\\\/\\\/nevesetiquetas.com.br\\\/?page_id=16\",\"url\":\"https:\\\/\\\/nevesetiquetas.com.br\\\/?page_id=16\",\"name\":\"CONTATO - Neves Etiquetas Adesivas\",\"isPartOf\":{\"@id\":\"https:\\\/\\\/nevesetiquetas.com.br\\\/#website\"},\"primaryImageOfPage\":{\"@id\":\"https:\\\/\\\/nevesetiquetas.com.br\\\/?page_id=16#primaryimage\"},\"image\":{\"@id\":\"https:\\\/\\\/nevesetiquetas.com.br\\\/?page_id=16#primaryimage\"},\"thumbnailUrl\":\"https:\\\/\\\/nevesetiquetas.com.br\\\/wp-content\\\/plugins\\\/wpforms-lite\\\/assets\\\/images\\\/submit-spin.svg\",\"datePublished\":\"2021-11-21T18:14:44+00:00\",\"dateModified\":\"2024-02-26T19:07:29+00:00\",\"description\":\"Entre em contato! Pe\u00e7a um or\u00e7amento e adquira etiquetas e\\\/ou r\u00f3tulos adesivos personalizados de acordo com o que sua marca precisa.\",\"breadcrumb\":{\"@id\":\"https:\\\/\\\/nevesetiquetas.com.br\\\/?page_id=16#breadcrumb\"},\"inLanguage\":\"pt-BR\",\"potentialAction\":[{\"@type\":\"ReadAction\",\"target\":[\"https:\\\/\\\/nevesetiquetas.com.br\\\/?page_id=16\"]}]},{\"@type\":\"ImageObject\",\"inLanguage\":\"pt-BR\",\"@id\":\"https:\\\/\\\/nevesetiquetas.com.br\\\/?page_id=16#primaryimage\",\"url\":\"https:\\\/\\\/nevesetiquetas.com.br\\\/wp-content\\\/plugins\\\/wpforms-lite\\\/assets\\\/images\\\/submit-spin.svg\",\"contentUrl\":\"https:\\\/\\\/nevesetiquetas.com.br\\\/wp-content\\\/plugins\\\/wpforms-lite\\\/assets\\\/images\\\/submit-spin.svg\"},{\"@type\":\"BreadcrumbList\",\"@id\":\"https:\\\/\\\/nevesetiquetas.com.br\\\/?page_id=16#breadcrumb\",\"itemListElement\":[{\"@type\":\"ListItem\",\"position\":1,\"name\":\"In\u00edcio\",\"item\":\"https:\\\/\\\/nevesetiquetas.com.br\\\/\"},{\"@type\":\"ListItem\",\"position\":2,\"name\":\"CONTATO\"}]},{\"@type\":\"WebSite\",\"@id\":\"https:\\\/\\\/nevesetiquetas.com.br\\\/#website\",\"url\":\"https:\\\/\\\/nevesetiquetas.com.br\\\/\",\"name\":\"Neves Etiquetas Adesivas\",\"description\":\"A gr\u00e1fica personalizada de etiquetas e r\u00f3tulos adesivos que oferece solu\u00e7\u00f5es criativas e personalizadas para pequenas e grandes empresas. Com expertise no desenvolvimento de impress\u00f5es de alta qualidade, a gr\u00e1fica oferece servi\u00e7os de impress\u00e3o em diversos formatos, como adesivos para embalagens, etiquetas para produtos, r\u00f3tulos personalizados, entre outros. Com uma ampla variedade de materiais e acabamentos, os clientes podem contar com a gr\u00e1fica para criar etiquetas e r\u00f3tulos modernos, elegantes e que atendam \u00e0s necessidades do neg\u00f3cio. A rapidez na produ\u00e7\u00e3o e a qualidade do trabalho s\u00e3o as principais caracter\u00edsticas que tornam a gr\u00e1fica uma refer\u00eancia no mercado.\",\"publisher\":{\"@id\":\"https:\\\/\\\/nevesetiquetas.com.br\\\/#organization\"},\"potentialAction\":[{\"@type\":\"SearchAction\",\"target\":{\"@type\":\"EntryPoint\",\"urlTemplate\":\"https:\\\/\\\/nevesetiquetas.com.br\\\/?s={search_term_string}\"},\"query-input\":{\"@type\":\"PropertyValueSpecification\",\"valueRequired\":true,\"valueName\":\"search_term_string\"}}],\"inLanguage\":\"pt-BR\"},{\"@type\":\"Organization\",\"@id\":\"https:\\\/\\\/nevesetiquetas.com.br\\\/#organization\",\"name\":\"Neves Etiquetas Adesivas\",\"url\":\"https:\\\/\\\/nevesetiquetas.com.br\\\/\",\"logo\":{\"@type\":\"ImageObject\",\"inLanguage\":\"pt-BR\",\"@id\":\"https:\\\/\\\/nevesetiquetas.com.br\\\/#\\\/schema\\\/logo\\\/image\\\/\",\"url\":\"https:\\\/\\\/i0.wp.com\\\/nevesetiquetas.com.br\\\/wp-content\\\/uploads\\\/2023\\\/04\\\/cropped-LOGO-2-1.png?fit=542%2C123&ssl=1\",\"contentUrl\":\"https:\\\/\\\/i0.wp.com\\\/nevesetiquetas.com.br\\\/wp-content\\\/uploads\\\/2023\\\/04\\\/cropped-LOGO-2-1.png?fit=542%2C123&ssl=1\",\"width\":542,\"height\":123,\"caption\":\"Neves Etiquetas Adesivas\"},\"image\":{\"@id\":\"https:\\\/\\\/nevesetiquetas.com.br\\\/#\\\/schema\\\/logo\\\/image\\\/\"}}]}<\/script>\n<!-- \/ Yoast SEO plugin. -->","yoast_head_json":{"title":"CONTATO - Neves Etiquetas Adesivas","description":"Entre em contato! Pe\u00e7a um or\u00e7amento e adquira etiquetas e\/ou r\u00f3tulos adesivos personalizados de acordo com o que sua marca precisa.","robots":{"index":"index","follow":"follow","max-snippet":"max-snippet:-1","max-image-preview":"max-image-preview:large","max-video-preview":"max-video-preview:-1"},"canonical":"https:\/\/nevesetiquetas.com.br\/?page_id=16","og_locale":"pt_BR","og_type":"article","og_title":"CONTATO - Neves Etiquetas Adesivas","og_description":"Entre em contato! Pe\u00e7a um or\u00e7amento e adquira etiquetas e\/ou r\u00f3tulos adesivos personalizados de acordo com o que sua marca precisa.","og_url":"https:\/\/nevesetiquetas.com.br\/?page_id=16","og_site_name":"Neves Etiquetas Adesivas","article_modified_time":"2024-02-26T19:07:29+00:00","og_image":[{"url":"https:\/\/nevesetiquetas.com.br\/wp-content\/plugins\/wpforms-lite\/assets\/images\/submit-spin.svg","type":"","width":"","height":""}],"twitter_card":"summary_large_image","twitter_misc":{"Est. tempo de leitura":"1 minuto"},"schema":{"@context":"https:\/\/schema.org","@graph":[{"@type":"WebPage","@id":"https:\/\/nevesetiquetas.com.br\/?page_id=16","url":"https:\/\/nevesetiquetas.com.br\/?page_id=16","name":"CONTATO - Neves Etiquetas Adesivas","isPartOf":{"@id":"https:\/\/nevesetiquetas.com.br\/#website"},"primaryImageOfPage":{"@id":"https:\/\/nevesetiquetas.com.br\/?page_id=16#primaryimage"},"image":{"@id":"https:\/\/nevesetiquetas.com.br\/?page_id=16#primaryimage"},"thumbnailUrl":"https:\/\/nevesetiquetas.com.br\/wp-content\/plugins\/wpforms-lite\/assets\/images\/submit-spin.svg","datePublished":"2021-11-21T18:14:44+00:00","dateModified":"2024-02-26T19:07:29+00:00","description":"Entre em contato! Pe\u00e7a um or\u00e7amento e adquira etiquetas e\/ou r\u00f3tulos adesivos personalizados de acordo com o que sua marca precisa.","breadcrumb":{"@id":"https:\/\/nevesetiquetas.com.br\/?page_id=16#breadcrumb"},"inLanguage":"pt-BR","potentialAction":[{"@type":"ReadAction","target":["https:\/\/nevesetiquetas.com.br\/?page_id=16"]}]},{"@type":"ImageObject","inLanguage":"pt-BR","@id":"https:\/\/nevesetiquetas.com.br\/?page_id=16#primaryimage","url":"https:\/\/nevesetiquetas.com.br\/wp-content\/plugins\/wpforms-lite\/assets\/images\/submit-spin.svg","contentUrl":"https:\/\/nevesetiquetas.com.br\/wp-content\/plugins\/wpforms-lite\/assets\/images\/submit-spin.svg"},{"@type":"BreadcrumbList","@id":"https:\/\/nevesetiquetas.com.br\/?page_id=16#breadcrumb","itemListElement":[{"@type":"ListItem","position":1,"name":"In\u00edcio","item":"https:\/\/nevesetiquetas.com.br\/"},{"@type":"ListItem","position":2,"name":"CONTATO"}]},{"@type":"WebSite","@id":"https:\/\/nevesetiquetas.com.br\/#website","url":"https:\/\/nevesetiquetas.com.br\/","name":"Neves Etiquetas Adesivas","description":"A gr\u00e1fica personalizada de etiquetas e r\u00f3tulos adesivos que oferece solu\u00e7\u00f5es criativas e personalizadas para pequenas e grandes empresas. Com expertise no desenvolvimento de impress\u00f5es de alta qualidade, a gr\u00e1fica oferece servi\u00e7os de impress\u00e3o em diversos formatos, como adesivos para embalagens, etiquetas para produtos, r\u00f3tulos personalizados, entre outros. Com uma ampla variedade de materiais e acabamentos, os clientes podem contar com a gr\u00e1fica para criar etiquetas e r\u00f3tulos modernos, elegantes e que atendam \u00e0s necessidades do neg\u00f3cio. A rapidez na produ\u00e7\u00e3o e a qualidade do trabalho s\u00e3o as principais caracter\u00edsticas que tornam a gr\u00e1fica uma refer\u00eancia no mercado.","publisher":{"@id":"https:\/\/nevesetiquetas.com.br\/#organization"},"potentialAction":[{"@type":"SearchAction","target":{"@type":"EntryPoint","urlTemplate":"https:\/\/nevesetiquetas.com.br\/?s={search_term_string}"},"query-input":{"@type":"PropertyValueSpecification","valueRequired":true,"valueName":"search_term_string"}}],"inLanguage":"pt-BR"},{"@type":"Organization","@id":"https:\/\/nevesetiquetas.com.br\/#organization","name":"Neves Etiquetas Adesivas","url":"https:\/\/nevesetiquetas.com.br\/","logo":{"@type":"ImageObject","inLanguage":"pt-BR","@id":"https:\/\/nevesetiquetas.com.br\/#\/schema\/logo\/image\/","url":"https:\/\/i0.wp.com\/nevesetiquetas.com.br\/wp-content\/uploads\/2023\/04\/cropped-LOGO-2-1.png?fit=542%2C123&ssl=1","contentUrl":"https:\/\/i0.wp.com\/nevesetiquetas.com.br\/wp-content\/uploads\/2023\/04\/cropped-LOGO-2-1.png?fit=542%2C123&ssl=1","width":542,"height":123,"caption":"Neves Etiquetas Adesivas"},"image":{"@id":"https:\/\/nevesetiquetas.com.br\/#\/schema\/logo\/image\/"}}]}},"jetpack_sharing_enabled":true,"_links":{"self":[{"href":"https:\/\/nevesetiquetas.com.br\/index.php?rest_route=\/wp\/v2\/pages\/16","targetHints":{"allow":["GET"]}}],"collection":[{"href":"https:\/\/nevesetiquetas.com.br\/index.php?rest_route=\/wp\/v2\/pages"}],"about":[{"href":"https:\/\/nevesetiquetas.com.br\/index.php?rest_route=\/wp\/v2\/types\/page"}],"author":[{"embeddable":true,"href":"https:\/\/nevesetiquetas.com.br\/index.php?rest_route=\/wp\/v2\/users\/1"}],"replies":[{"embeddable":true,"href":"https:\/\/nevesetiquetas.com.br\/index.php?rest_route=%2Fwp%2Fv2%2Fcomments&post=16"}],"version-history":[{"count":33,"href":"https:\/\/nevesetiquetas.com.br\/index.php?rest_route=\/wp\/v2\/pages\/16\/revisions"}],"predecessor-version":[{"id":2113,"href":"https:\/\/nevesetiquetas.com.br\/index.php?rest_route=\/wp\/v2\/pages\/16\/revisions\/2113"}],"wp:attachment":[{"href":"https:\/\/nevesetiquetas.com.br\/index.php?rest_route=%2Fwp%2Fv2%2Fmedia&parent=16"}],"curies":[{"name":"wp","href":"https:\/\/api.w.org\/{rel}","templated":true}]}}