{"id":14,"date":"2021-11-21T15:14:19","date_gmt":"2021-11-21T18:14:19","guid":{"rendered":"https:\/\/nevesetiquetas.com.br\/about\/"},"modified":"2024-02-26T16:05:27","modified_gmt":"2024-02-26T19:05:27","slug":"sobre-nos","status":"publish","type":"page","link":"https:\/\/nevesetiquetas.com.br\/?page_id=14","title":{"rendered":"SOBRE N\u00d3S"},"content":{"rendered":"\t\t<div data-elementor-type=\"wp-page\" data-elementor-id=\"14\" class=\"elementor elementor-14\">\n\t\t\t\t\t\t<section class=\"elementor-section elementor-top-section elementor-element elementor-element-460970c elementor-section-full_width elementor-section-stretched elementor-reverse-tablet elementor-reverse-mobile elementor-section-height-default elementor-section-height-default\" data-id=\"460970c\" data-element_type=\"section\" data-e-type=\"section\" data-settings=\"{&quot;stretch_section&quot;:&quot;section-stretched&quot;}\">\n\t\t\t\t\t\t<div class=\"elementor-container elementor-column-gap-wide\">\n\t\t\t\t\t<div class=\"elementor-column elementor-col-100 elementor-top-column elementor-element elementor-element-bc42c60\" data-id=\"bc42c60\" data-element_type=\"column\" data-e-type=\"column\">\n\t\t\t<div class=\"elementor-widget-wrap elementor-element-populated\">\n\t\t\t\t\t\t<div class=\"elementor-element elementor-element-2de71be elementor-widget elementor-widget-spacer\" data-id=\"2de71be\" data-element_type=\"widget\" data-e-type=\"widget\" data-widget_type=\"spacer.default\">\n\t\t\t\t<div class=\"elementor-widget-container\">\n\t\t\t\t\t\t\t<div class=\"elementor-spacer\">\n\t\t\t<div class=\"elementor-spacer-inner\"><\/div>\n\t\t<\/div>\n\t\t\t\t\t\t<\/div>\n\t\t\t\t<\/div>\n\t\t\t\t<div class=\"elementor-element elementor-element-78b724d elementor-fixed elementor-view-default elementor-widget elementor-widget-icon\" data-id=\"78b724d\" data-element_type=\"widget\" data-e-type=\"widget\" data-settings=\"{&quot;_position&quot;:&quot;fixed&quot;}\" data-widget_type=\"icon.default\">\n\t\t\t\t<div class=\"elementor-widget-container\">\n\t\t\t\t\t\t\t<div class=\"elementor-icon-wrapper\">\n\t\t\t<a class=\"elementor-icon\" href=\"http:\/\/wa.me\/5511912168055\">\n\t\t\t<svg aria-hidden=\"true\" class=\"e-font-icon-svg e-fab-whatsapp-square\" viewBox=\"0 0 448 512\" xmlns=\"http:\/\/www.w3.org\/2000\/svg\"><path d=\"M224 122.8c-72.7 0-131.8 59.1-131.9 131.8 0 24.9 7 49.2 20.2 70.1l3.1 5-13.3 48.6 49.9-13.1 4.8 2.9c20.2 12 43.4 18.4 67.1 18.4h.1c72.6 0 133.3-59.1 133.3-131.8 0-35.2-15.2-68.3-40.1-93.2-25-25-58-38.7-93.2-38.7zm77.5 188.4c-3.3 9.3-19.1 17.7-26.7 18.8-12.6 1.9-22.4.9-47.5-9.9-39.7-17.2-65.7-57.2-67.7-59.8-2-2.6-16.2-21.5-16.2-41s10.2-29.1 13.9-33.1c3.6-4 7.9-5 10.6-5 2.6 0 5.3 0 7.6.1 2.4.1 5.7-.9 8.9 6.8 3.3 7.9 11.2 27.4 12.2 29.4s1.7 4.3.3 6.9c-7.6 15.2-15.7 14.6-11.6 21.6 15.3 26.3 30.6 35.4 53.9 47.1 4 2 6.3 1.7 8.6-1 2.3-2.6 9.9-11.6 12.5-15.5 2.6-4 5.3-3.3 8.9-2 3.6 1.3 23.1 10.9 27.1 12.9s6.6 3 7.6 4.6c.9 1.9.9 9.9-2.4 19.1zM400 32H48C21.5 32 0 53.5 0 80v352c0 26.5 21.5 48 48 48h352c26.5 0 48-21.5 48-48V80c0-26.5-21.5-48-48-48zM223.9 413.2c-26.6 0-52.7-6.7-75.8-19.3L64 416l22.5-82.2c-13.9-24-21.2-51.3-21.2-79.3C65.4 167.1 136.5 96 223.9 96c42.4 0 82.2 16.5 112.2 46.5 29.9 30 47.9 69.8 47.9 112.2 0 87.4-72.7 158.5-160.1 158.5z\"><\/path><\/svg>\t\t\t<\/a>\n\t\t<\/div>\n\t\t\t\t\t\t<\/div>\n\t\t\t\t<\/div>\n\t\t\t\t<div class=\"elementor-element elementor-element-1de80ae elementor-widget__width-inherit elementor-widget elementor-widget-image\" data-id=\"1de80ae\" data-element_type=\"widget\" data-e-type=\"widget\" data-widget_type=\"image.default\">\n\t\t\t\t<div class=\"elementor-widget-container\">\n\t\t\t\t\t\t\t\t\t\t\t\t\t\t\t<img fetchpriority=\"high\" decoding=\"async\" width=\"1056\" height=\"450\" src=\"https:\/\/i0.wp.com\/nevesetiquetas.com.br\/wp-content\/uploads\/2023\/04\/maquinas-neves.jpeg?fit=1056%2C450&amp;ssl=1\" class=\"attachment-2048x2048 size-2048x2048 wp-image-1930\" alt=\"\" srcset=\"https:\/\/i0.wp.com\/nevesetiquetas.com.br\/wp-content\/uploads\/2023\/04\/maquinas-neves.jpeg?w=1056&amp;ssl=1 1056w, https:\/\/i0.wp.com\/nevesetiquetas.com.br\/wp-content\/uploads\/2023\/04\/maquinas-neves.jpeg?resize=300%2C128&amp;ssl=1 300w, https:\/\/i0.wp.com\/nevesetiquetas.com.br\/wp-content\/uploads\/2023\/04\/maquinas-neves.jpeg?resize=1024%2C436&amp;ssl=1 1024w, https:\/\/i0.wp.com\/nevesetiquetas.com.br\/wp-content\/uploads\/2023\/04\/maquinas-neves.jpeg?resize=768%2C327&amp;ssl=1 768w\" sizes=\"(max-width: 1056px) 100vw, 1056px\" \/>\t\t\t\t\t\t\t\t\t\t\t\t\t\t\t<\/div>\n\t\t\t\t<\/div>\n\t\t\t\t<div class=\"elementor-element elementor-element-0073403 elementor-widget elementor-widget-heading\" data-id=\"0073403\" data-element_type=\"widget\" data-e-type=\"widget\" data-widget_type=\"heading.default\">\n\t\t\t\t<div class=\"elementor-widget-container\">\n\t\t\t\t\t<h2 class=\"elementor-heading-title elementor-size-default\">SOBRE N\u00d3S<\/h2>\t\t\t\t<\/div>\n\t\t\t\t<\/div>\n\t\t\t\t<div class=\"elementor-element elementor-element-60241e2 elementor-widget elementor-widget-text-editor\" data-id=\"60241e2\" data-element_type=\"widget\" data-e-type=\"widget\" data-widget_type=\"text-editor.default\">\n\t\t\t\t<div class=\"elementor-widget-container\">\n\t\t\t\t\t\t\t\t\t<p>A Neves Etiquetas Adesivas \u00e9 uma empresa especializada em produ\u00e7\u00e3o de etiquetas adesivas, localizada em S\u00e3o Paulo, com mais de 14 anos de experi\u00eancia no mercado.<\/p>\n<p>Oferecemos solu\u00e7\u00f5es completas em etiquetas adesivas, tags, ribbons, impressoras para ribbons entre outros produtos, garantindo qualidade e agilidade na entrega.<\/p>\n<p>Nosso parque gr\u00e1fico conta com equipamentos modernos e equipe de profissionais altamente capacitados para atender todas as demandas do mercado, pois nosso objetivo \u00e9 encantar nossos clientes.<\/p>\n<p>Atendemos diversos setores, como alimentos, bebidas, vestu\u00e1rio, cosm\u00e9ticos, hospitais, transportadoras entre outros, com etiquetas de alta qualidade, durabilidade e resist\u00eancia.<\/p>\n<p>N\u00e3o s\u00f3 acreditamos na import\u00e2ncia de agregar valor aos produtos de nossos clientes atrav\u00e9s de etiquetas que comuniquem sua marca, destaquem seus diferenciais e atendam as exig\u00eancias legais, como tamb\u00e9m buscamos sempre inovar e evoluir, com foco na satisfa\u00e7\u00e3o de nossos clientes e no desenvolvimento sustent\u00e1vel da empresa. Entre em contato conosco e saiba mais sobre nossos produtos e servi\u00e7os.<br>Na nossa gr\u00e1fica personalizada, voc\u00ea encontra a melhor solu\u00e7\u00e3o em etiquetas e r\u00f3tulos adesivos. Com qualidade superior, atendemos demandas de todos os tipos de empresas, desde pequenos neg\u00f3cios a grandes corpora\u00e7\u00f5es.<\/p>\n<p>Oferecemos uma grande variedade de etiquetas e r\u00f3tulos adesivos, produzidos segundo as especifica\u00e7\u00f5es de cada cliente, com personaliza\u00e7\u00e3o exclusiva e acabamento perfeito. Al\u00e9m disso, nossos produtos contam com a tecnologia de impress\u00e3o mais avan\u00e7ada.<\/p>\n<p><span style=\"font-style: inherit; font-weight: inherit; background-color: var(--ast-global-color-5); color: var(--ast-global-color-3);\">Se voc\u00ea busca um parceiro de confian\u00e7a para a produ\u00e7\u00e3o de etiquetas e r\u00f3tulos adesivos, conte com nossa experi\u00eancia e qualidade para atender suas necessidades. Entre em contato conosco e solicite um or\u00e7amento!<\/span><\/p>\n<p><span style=\"font-style: inherit; font-weight: inherit; background-color: var(--ast-global-color-5); color: var(--ast-global-color-3);\">&nbsp;<\/span><\/p>\t\t\t\t\t\t\t\t<\/div>\n\t\t\t\t<\/div>\n\t\t\t\t<div class=\"elementor-element elementor-element-10afb65 elementor-widget elementor-widget-button\" data-id=\"10afb65\" data-element_type=\"widget\" data-e-type=\"widget\" data-widget_type=\"button.default\">\n\t\t\t\t<div class=\"elementor-widget-container\">\n\t\t\t\t\t\t\t\t\t<div class=\"elementor-button-wrapper\">\n\t\t\t\t\t<a class=\"elementor-button elementor-button-link elementor-size-sm\" href=\"#\">\n\t\t\t\t\t\t<span class=\"elementor-button-content-wrapper\">\n\t\t\t\t\t\t\t\t\t<span class=\"elementor-button-text\">Fale conosco!<\/span>\n\t\t\t\t\t<\/span>\n\t\t\t\t\t<\/a>\n\t\t\t\t<\/div>\n\t\t\t\t\t\t\t\t<\/div>\n\t\t\t\t<\/div>\n\t\t\t\t\t<\/div>\n\t\t<\/div>\n\t\t\t\t\t<\/div>\n\t\t<\/section>\n\t\t\t\t<\/div>\n\t\t","protected":false},"excerpt":{"rendered":"<p>SOBRE N\u00d3S A Neves Etiquetas Adesivas \u00e9 uma empresa especializada em produ\u00e7\u00e3o de etiquetas adesivas, localizada em S\u00e3o Paulo, com mais de 14 anos de experi\u00eancia no mercado. Oferecemos solu\u00e7\u00f5es completas em etiquetas adesivas, tags, ribbons, impressoras para ribbons entre outros produtos, garantindo qualidade e agilidade na entrega. Nosso parque gr\u00e1fico conta com equipamentos modernos &hellip;<\/p>\n<p class=\"read-more\"> <a class=\"\" href=\"https:\/\/nevesetiquetas.com.br\/?page_id=14\"> <span class=\"screen-reader-text\">SOBRE N\u00d3S<\/span> Leia mais &raquo;<\/a><\/p>\n","protected":false},"author":1,"featured_media":0,"parent":0,"menu_order":0,"comment_status":"closed","ping_status":"closed","template":"","meta":{"site-sidebar-layout":"no-sidebar","site-content-layout":"page-builder","ast-global-header-display":"","ast-main-header-display":"","ast-hfb-above-header-display":"","ast-hfb-below-header-display":"","ast-hfb-mobile-header-display":"","site-post-title":"disabled","ast-breadcrumbs-content":"","ast-featured-img":"disabled","footer-sml-layout":"","theme-transparent-header-meta":"enabled","adv-header-id-meta":"","stick-header-meta":"","header-above-stick-meta":"","header-main-stick-meta":"","header-below-stick-meta":"","footnotes":""},"class_list":["post-14","page","type-page","status-publish","hentry"],"yoast_head":"<!-- This site is optimized with the Yoast SEO plugin v27.6 - https:\/\/yoast.com\/product\/yoast-seo-wordpress\/ -->\n<title>SOBRE N\u00d3S - Neves Etiquetas Adesivas<\/title>\n<meta name=\"description\" content=\"Oferecemos uma grande variedade de etiquetas e r\u00f3tulos adesivos personalizados, produzidos segundo as especifica\u00e7\u00f5es de cada cliente.\" \/>\n<meta name=\"robots\" content=\"index, follow, max-snippet:-1, max-image-preview:large, max-video-preview:-1\" \/>\n<link rel=\"canonical\" href=\"https:\/\/nevesetiquetas.com.br\/?page_id=14\" \/>\n<meta property=\"og:locale\" content=\"pt_BR\" \/>\n<meta property=\"og:type\" content=\"article\" \/>\n<meta property=\"og:title\" content=\"SOBRE N\u00d3S - Neves Etiquetas Adesivas\" \/>\n<meta property=\"og:description\" content=\"Oferecemos uma grande variedade de etiquetas e r\u00f3tulos adesivos personalizados, produzidos segundo as especifica\u00e7\u00f5es de cada cliente.\" \/>\n<meta property=\"og:url\" content=\"https:\/\/nevesetiquetas.com.br\/?page_id=14\" \/>\n<meta property=\"og:site_name\" content=\"Neves Etiquetas Adesivas\" \/>\n<meta property=\"article:modified_time\" content=\"2024-02-26T19:05:27+00:00\" \/>\n<meta property=\"og:image\" content=\"https:\/\/nevesetiquetas.com.br\/wp-content\/uploads\/2023\/04\/maquinas-neves.jpeg\" \/>\n<meta name=\"twitter:card\" content=\"summary_large_image\" \/>\n<meta name=\"twitter:label1\" content=\"Est. tempo de leitura\" \/>\n\t<meta name=\"twitter:data1\" content=\"2 minutos\" \/>\n<script type=\"application\/ld+json\" class=\"yoast-schema-graph\">{\"@context\":\"https:\\\/\\\/schema.org\",\"@graph\":[{\"@type\":\"WebPage\",\"@id\":\"https:\\\/\\\/nevesetiquetas.com.br\\\/?page_id=14\",\"url\":\"https:\\\/\\\/nevesetiquetas.com.br\\\/?page_id=14\",\"name\":\"SOBRE N\u00d3S - Neves Etiquetas Adesivas\",\"isPartOf\":{\"@id\":\"https:\\\/\\\/nevesetiquetas.com.br\\\/#website\"},\"primaryImageOfPage\":{\"@id\":\"https:\\\/\\\/nevesetiquetas.com.br\\\/?page_id=14#primaryimage\"},\"image\":{\"@id\":\"https:\\\/\\\/nevesetiquetas.com.br\\\/?page_id=14#primaryimage\"},\"thumbnailUrl\":\"https:\\\/\\\/nevesetiquetas.com.br\\\/wp-content\\\/uploads\\\/2023\\\/04\\\/maquinas-neves.jpeg\",\"datePublished\":\"2021-11-21T18:14:19+00:00\",\"dateModified\":\"2024-02-26T19:05:27+00:00\",\"description\":\"Oferecemos uma grande variedade de etiquetas e r\u00f3tulos adesivos personalizados, produzidos segundo as especifica\u00e7\u00f5es de cada cliente.\",\"breadcrumb\":{\"@id\":\"https:\\\/\\\/nevesetiquetas.com.br\\\/?page_id=14#breadcrumb\"},\"inLanguage\":\"pt-BR\",\"potentialAction\":[{\"@type\":\"ReadAction\",\"target\":[\"https:\\\/\\\/nevesetiquetas.com.br\\\/?page_id=14\"]}]},{\"@type\":\"ImageObject\",\"inLanguage\":\"pt-BR\",\"@id\":\"https:\\\/\\\/nevesetiquetas.com.br\\\/?page_id=14#primaryimage\",\"url\":\"https:\\\/\\\/i0.wp.com\\\/nevesetiquetas.com.br\\\/wp-content\\\/uploads\\\/2023\\\/04\\\/maquinas-neves.jpeg?fit=1056%2C450&ssl=1\",\"contentUrl\":\"https:\\\/\\\/i0.wp.com\\\/nevesetiquetas.com.br\\\/wp-content\\\/uploads\\\/2023\\\/04\\\/maquinas-neves.jpeg?fit=1056%2C450&ssl=1\",\"width\":1056,\"height\":450},{\"@type\":\"BreadcrumbList\",\"@id\":\"https:\\\/\\\/nevesetiquetas.com.br\\\/?page_id=14#breadcrumb\",\"itemListElement\":[{\"@type\":\"ListItem\",\"position\":1,\"name\":\"In\u00edcio\",\"item\":\"https:\\\/\\\/nevesetiquetas.com.br\\\/\"},{\"@type\":\"ListItem\",\"position\":2,\"name\":\"SOBRE N\u00d3S\"}]},{\"@type\":\"WebSite\",\"@id\":\"https:\\\/\\\/nevesetiquetas.com.br\\\/#website\",\"url\":\"https:\\\/\\\/nevesetiquetas.com.br\\\/\",\"name\":\"Neves Etiquetas Adesivas\",\"description\":\"A gr\u00e1fica personalizada de etiquetas e r\u00f3tulos adesivos que oferece solu\u00e7\u00f5es criativas e personalizadas para pequenas e grandes empresas. Com expertise no desenvolvimento de impress\u00f5es de alta qualidade, a gr\u00e1fica oferece servi\u00e7os de impress\u00e3o em diversos formatos, como adesivos para embalagens, etiquetas para produtos, r\u00f3tulos personalizados, entre outros. Com uma ampla variedade de materiais e acabamentos, os clientes podem contar com a gr\u00e1fica para criar etiquetas e r\u00f3tulos modernos, elegantes e que atendam \u00e0s necessidades do neg\u00f3cio. A rapidez na produ\u00e7\u00e3o e a qualidade do trabalho s\u00e3o as principais caracter\u00edsticas que tornam a gr\u00e1fica uma refer\u00eancia no mercado.\",\"publisher\":{\"@id\":\"https:\\\/\\\/nevesetiquetas.com.br\\\/#organization\"},\"potentialAction\":[{\"@type\":\"SearchAction\",\"target\":{\"@type\":\"EntryPoint\",\"urlTemplate\":\"https:\\\/\\\/nevesetiquetas.com.br\\\/?s={search_term_string}\"},\"query-input\":{\"@type\":\"PropertyValueSpecification\",\"valueRequired\":true,\"valueName\":\"search_term_string\"}}],\"inLanguage\":\"pt-BR\"},{\"@type\":\"Organization\",\"@id\":\"https:\\\/\\\/nevesetiquetas.com.br\\\/#organization\",\"name\":\"Neves Etiquetas Adesivas\",\"url\":\"https:\\\/\\\/nevesetiquetas.com.br\\\/\",\"logo\":{\"@type\":\"ImageObject\",\"inLanguage\":\"pt-BR\",\"@id\":\"https:\\\/\\\/nevesetiquetas.com.br\\\/#\\\/schema\\\/logo\\\/image\\\/\",\"url\":\"https:\\\/\\\/i0.wp.com\\\/nevesetiquetas.com.br\\\/wp-content\\\/uploads\\\/2023\\\/04\\\/cropped-LOGO-2-1.png?fit=542%2C123&ssl=1\",\"contentUrl\":\"https:\\\/\\\/i0.wp.com\\\/nevesetiquetas.com.br\\\/wp-content\\\/uploads\\\/2023\\\/04\\\/cropped-LOGO-2-1.png?fit=542%2C123&ssl=1\",\"width\":542,\"height\":123,\"caption\":\"Neves Etiquetas Adesivas\"},\"image\":{\"@id\":\"https:\\\/\\\/nevesetiquetas.com.br\\\/#\\\/schema\\\/logo\\\/image\\\/\"}}]}<\/script>\n<!-- \/ Yoast SEO plugin. -->","yoast_head_json":{"title":"SOBRE N\u00d3S - Neves Etiquetas Adesivas","description":"Oferecemos uma grande variedade de etiquetas e r\u00f3tulos adesivos personalizados, produzidos segundo as especifica\u00e7\u00f5es de cada cliente.","robots":{"index":"index","follow":"follow","max-snippet":"max-snippet:-1","max-image-preview":"max-image-preview:large","max-video-preview":"max-video-preview:-1"},"canonical":"https:\/\/nevesetiquetas.com.br\/?page_id=14","og_locale":"pt_BR","og_type":"article","og_title":"SOBRE N\u00d3S - Neves Etiquetas Adesivas","og_description":"Oferecemos uma grande variedade de etiquetas e r\u00f3tulos adesivos personalizados, produzidos segundo as especifica\u00e7\u00f5es de cada cliente.","og_url":"https:\/\/nevesetiquetas.com.br\/?page_id=14","og_site_name":"Neves Etiquetas Adesivas","article_modified_time":"2024-02-26T19:05:27+00:00","og_image":[{"url":"https:\/\/nevesetiquetas.com.br\/wp-content\/uploads\/2023\/04\/maquinas-neves.jpeg","type":"","width":"","height":""}],"twitter_card":"summary_large_image","twitter_misc":{"Est. tempo de leitura":"2 minutos"},"schema":{"@context":"https:\/\/schema.org","@graph":[{"@type":"WebPage","@id":"https:\/\/nevesetiquetas.com.br\/?page_id=14","url":"https:\/\/nevesetiquetas.com.br\/?page_id=14","name":"SOBRE N\u00d3S - Neves Etiquetas Adesivas","isPartOf":{"@id":"https:\/\/nevesetiquetas.com.br\/#website"},"primaryImageOfPage":{"@id":"https:\/\/nevesetiquetas.com.br\/?page_id=14#primaryimage"},"image":{"@id":"https:\/\/nevesetiquetas.com.br\/?page_id=14#primaryimage"},"thumbnailUrl":"https:\/\/nevesetiquetas.com.br\/wp-content\/uploads\/2023\/04\/maquinas-neves.jpeg","datePublished":"2021-11-21T18:14:19+00:00","dateModified":"2024-02-26T19:05:27+00:00","description":"Oferecemos uma grande variedade de etiquetas e r\u00f3tulos adesivos personalizados, produzidos segundo as especifica\u00e7\u00f5es de cada cliente.","breadcrumb":{"@id":"https:\/\/nevesetiquetas.com.br\/?page_id=14#breadcrumb"},"inLanguage":"pt-BR","potentialAction":[{"@type":"ReadAction","target":["https:\/\/nevesetiquetas.com.br\/?page_id=14"]}]},{"@type":"ImageObject","inLanguage":"pt-BR","@id":"https:\/\/nevesetiquetas.com.br\/?page_id=14#primaryimage","url":"https:\/\/i0.wp.com\/nevesetiquetas.com.br\/wp-content\/uploads\/2023\/04\/maquinas-neves.jpeg?fit=1056%2C450&ssl=1","contentUrl":"https:\/\/i0.wp.com\/nevesetiquetas.com.br\/wp-content\/uploads\/2023\/04\/maquinas-neves.jpeg?fit=1056%2C450&ssl=1","width":1056,"height":450},{"@type":"BreadcrumbList","@id":"https:\/\/nevesetiquetas.com.br\/?page_id=14#breadcrumb","itemListElement":[{"@type":"ListItem","position":1,"name":"In\u00edcio","item":"https:\/\/nevesetiquetas.com.br\/"},{"@type":"ListItem","position":2,"name":"SOBRE N\u00d3S"}]},{"@type":"WebSite","@id":"https:\/\/nevesetiquetas.com.br\/#website","url":"https:\/\/nevesetiquetas.com.br\/","name":"Neves Etiquetas Adesivas","description":"A gr\u00e1fica personalizada de etiquetas e r\u00f3tulos adesivos que oferece solu\u00e7\u00f5es criativas e personalizadas para pequenas e grandes empresas. Com expertise no desenvolvimento de impress\u00f5es de alta qualidade, a gr\u00e1fica oferece servi\u00e7os de impress\u00e3o em diversos formatos, como adesivos para embalagens, etiquetas para produtos, r\u00f3tulos personalizados, entre outros. Com uma ampla variedade de materiais e acabamentos, os clientes podem contar com a gr\u00e1fica para criar etiquetas e r\u00f3tulos modernos, elegantes e que atendam \u00e0s necessidades do neg\u00f3cio. A rapidez na produ\u00e7\u00e3o e a qualidade do trabalho s\u00e3o as principais caracter\u00edsticas que tornam a gr\u00e1fica uma refer\u00eancia no mercado.","publisher":{"@id":"https:\/\/nevesetiquetas.com.br\/#organization"},"potentialAction":[{"@type":"SearchAction","target":{"@type":"EntryPoint","urlTemplate":"https:\/\/nevesetiquetas.com.br\/?s={search_term_string}"},"query-input":{"@type":"PropertyValueSpecification","valueRequired":true,"valueName":"search_term_string"}}],"inLanguage":"pt-BR"},{"@type":"Organization","@id":"https:\/\/nevesetiquetas.com.br\/#organization","name":"Neves Etiquetas Adesivas","url":"https:\/\/nevesetiquetas.com.br\/","logo":{"@type":"ImageObject","inLanguage":"pt-BR","@id":"https:\/\/nevesetiquetas.com.br\/#\/schema\/logo\/image\/","url":"https:\/\/i0.wp.com\/nevesetiquetas.com.br\/wp-content\/uploads\/2023\/04\/cropped-LOGO-2-1.png?fit=542%2C123&ssl=1","contentUrl":"https:\/\/i0.wp.com\/nevesetiquetas.com.br\/wp-content\/uploads\/2023\/04\/cropped-LOGO-2-1.png?fit=542%2C123&ssl=1","width":542,"height":123,"caption":"Neves Etiquetas Adesivas"},"image":{"@id":"https:\/\/nevesetiquetas.com.br\/#\/schema\/logo\/image\/"}}]}},"jetpack_sharing_enabled":true,"_links":{"self":[{"href":"https:\/\/nevesetiquetas.com.br\/index.php?rest_route=\/wp\/v2\/pages\/14","targetHints":{"allow":["GET"]}}],"collection":[{"href":"https:\/\/nevesetiquetas.com.br\/index.php?rest_route=\/wp\/v2\/pages"}],"about":[{"href":"https:\/\/nevesetiquetas.com.br\/index.php?rest_route=\/wp\/v2\/types\/page"}],"author":[{"embeddable":true,"href":"https:\/\/nevesetiquetas.com.br\/index.php?rest_route=\/wp\/v2\/users\/1"}],"replies":[{"embeddable":true,"href":"https:\/\/nevesetiquetas.com.br\/index.php?rest_route=%2Fwp%2Fv2%2Fcomments&post=14"}],"version-history":[{"count":43,"href":"https:\/\/nevesetiquetas.com.br\/index.php?rest_route=\/wp\/v2\/pages\/14\/revisions"}],"predecessor-version":[{"id":2107,"href":"https:\/\/nevesetiquetas.com.br\/index.php?rest_route=\/wp\/v2\/pages\/14\/revisions\/2107"}],"wp:attachment":[{"href":"https:\/\/nevesetiquetas.com.br\/index.php?rest_route=%2Fwp%2Fv2%2Fmedia&parent=14"}],"curies":[{"name":"wp","href":"https:\/\/api.w.org\/{rel}","templated":true}]}}